{"id":4116,"date":"2024-10-21T12:20:57","date_gmt":"2024-10-21T12:20:57","guid":{"rendered":"https:\/\/locallogmenn.is\/audur-yr-helgadottir\/"},"modified":"2025-01-31T14:38:06","modified_gmt":"2025-01-31T14:38:06","slug":"audur-yr-helgadottir","status":"publish","type":"page","link":"https:\/\/locallogmenn.is\/en\/audur-yr-helgadottir\/","title":{"rendered":"Au\u00f0ur Yr Helgadottir"},"content":{"rendered":"<div class=\"fusion-fullwidth fullwidth-box fusion-builder-row-1 fusion-flex-container has-pattern-background has-mask-background nonhundred-percent-fullwidth non-hundred-percent-height-scrolling\" style=\"--awb-border-radius-top-left:0px;--awb-border-radius-top-right:0px;--awb-border-radius-bottom-right:0px;--awb-border-radius-bottom-left:0px;--awb-padding-top:5%;--awb-flex-wrap:wrap;\" ><div class=\"fusion-builder-row fusion-row fusion-flex-align-items-flex-start fusion-flex-content-wrap\" style=\"max-width:1248px;margin-left: calc(-4% \/ 2 );margin-right: calc(-4% \/ 2 );\"><div class=\"fusion-layout-column fusion_builder_column fusion-builder-column-0 fusion_builder_column_2_5 2_5 fusion-flex-column\" style=\"--awb-padding-left-medium:15%;--awb-padding-left-small:-100px;--awb-bg-size:cover;--awb-border-color:var(--awb-color5);--awb-border-style:solid;--awb-width-large:40%;--awb-margin-top-large:0px;--awb-spacing-right-large:4.8%;--awb-margin-bottom-large:20px;--awb-spacing-left-large:4.8%;--awb-width-medium:83.333333333333%;--awb-order-medium:0;--awb-spacing-right-medium:2.304%;--awb-spacing-left-medium:2.304%;--awb-width-small:100%;--awb-order-small:0;--awb-spacing-right-small:1.92%;--awb-spacing-left-small:1.92%;\" data-scroll-devices=\"small-visibility,medium-visibility,large-visibility\"><div class=\"fusion-column-wrapper fusion-column-has-shadow fusion-flex-justify-content-flex-start fusion-content-layout-column\"><div class=\"fusion-builder-row fusion-builder-row-inner fusion-row fusion-flex-align-items-flex-start fusion-flex-content-wrap\" style=\"width:104% !important;max-width:104% !important;margin-left: calc(-4% \/ 2 );margin-right: calc(-4% \/ 2 );\"><div class=\"fusion-layout-column fusion_builder_column_inner fusion-builder-nested-column-0 fusion_builder_column_inner_1_1 1_1 fusion-flex-column\" style=\"--awb-bg-color:var(--awb-color3);--awb-bg-color-hover:var(--awb-color3);--awb-bg-size:cover;--awb-width-large:100%;--awb-margin-top-large:0px;--awb-spacing-right-large:1.92%;--awb-margin-bottom-large:20px;--awb-spacing-left-large:1.92%;--awb-width-medium:100%;--awb-order-medium:0;--awb-spacing-right-medium:1.92%;--awb-spacing-left-medium:1.92%;--awb-width-small:100%;--awb-order-small:0;--awb-spacing-right-small:1.92%;--awb-spacing-left-small:1.92%;\" data-scroll-devices=\"small-visibility,medium-visibility,large-visibility\"><div class=\"fusion-column-wrapper fusion-column-has-shadow fusion-flex-justify-content-flex-start fusion-content-layout-column\"><div class=\"fusion-image-element \" style=\"--awb-margin-top:-7%;--awb-margin-right:-7%;--awb-margin-left:7%;--awb-max-width:100%;--awb-caption-title-font-family:var(--h2_typography-font-family);--awb-caption-title-font-weight:var(--h2_typography-font-weight);--awb-caption-title-font-style:var(--h2_typography-font-style);--awb-caption-title-size:var(--h2_typography-font-size);--awb-caption-title-transform:var(--h2_typography-text-transform);--awb-caption-title-line-height:var(--h2_typography-line-height);--awb-caption-title-letter-spacing:var(--h2_typography-letter-spacing);\"><span class=\" fusion-imageframe imageframe-none imageframe-1 hover-type-zoomin\"><a class=\"fusion-no-lightbox\" href=\"https:\/\/locallogmenn.is\/aslaug-gunnlaugsdottir\/\" target=\"_self\" aria-label=\"Audur\"><img decoding=\"async\" width=\"2560\" height=\"1707\" src=\"https:\/\/locallogmenn.is\/wp-content\/uploads\/2024\/12\/Audur-scaled.jpg\" alt class=\"img-responsive wp-image-4589\" srcset=\"https:\/\/locallogmenn.is\/wp-content\/uploads\/2024\/12\/Audur-200x133.jpg 200w, https:\/\/locallogmenn.is\/wp-content\/uploads\/2024\/12\/Audur-400x267.jpg 400w, https:\/\/locallogmenn.is\/wp-content\/uploads\/2024\/12\/Audur-600x400.jpg 600w, https:\/\/locallogmenn.is\/wp-content\/uploads\/2024\/12\/Audur-800x534.jpg 800w, https:\/\/locallogmenn.is\/wp-content\/uploads\/2024\/12\/Audur-1200x800.jpg 1200w, https:\/\/locallogmenn.is\/wp-content\/uploads\/2024\/12\/Audur-scaled.jpg 2560w\" sizes=\"(max-width: 640px) 100vw, 1200px\" \/><\/a><\/span><\/div><div class=\"fusion-text fusion-text-1 nafn\" style=\"--awb-text-color:var(--awb-color8);--awb-margin-left:2vh;\"><h2 class=\"fusion-responsive-typography-calculated\" data-fontsize=\"20\" data-lineheight=\"30px\">Au\u00f0ur \u00ddr Helgad\u00f3ttir<\/h2>\n<\/div><div class=\"fusion-text fusion-text-2 titill\" style=\"--awb-text-color:var(--awb-color8);--awb-margin-left:2vh;\"><p>Attorney<\/p>\n<\/div><div class=\"fusion-text fusion-text-3 tolvupostur\" style=\"--awb-margin-left:2vh;\"><p><a href=\"mailto:audur@locallogmenn.is\">audur@locallogmenn.is<\/a><\/p>\n<\/div><\/div><\/div><\/div><\/div><\/div><div class=\"fusion-layout-column fusion_builder_column fusion-builder-column-1 fusion_builder_column_3_5 3_5 fusion-flex-column\" style=\"--awb-bg-size:cover;--awb-width-large:60%;--awb-margin-top-large:5%;--awb-spacing-right-large:3.2%;--awb-margin-bottom-large:20px;--awb-spacing-left-large:8%;--awb-width-medium:60%;--awb-order-medium:0;--awb-spacing-right-medium:3.2%;--awb-spacing-left-medium:8%;--awb-width-small:100%;--awb-order-small:0;--awb-spacing-right-small:1.92%;--awb-spacing-left-small:1.92%;\" data-scroll-devices=\"small-visibility,medium-visibility,large-visibility\"><div class=\"fusion-column-wrapper fusion-column-has-shadow fusion-flex-justify-content-flex-start fusion-content-layout-column\"><div class=\"fusion-text fusion-text-4\"><p>Au\u00f0ur is an attorney licensed to practice before the District Court. She holds a BA and a ML degree from Reykjavik University.<\/p>\n<p>Au\u00f0ur is an expert in contract drafting and has been involved in numerous negotiations and agreements related to the purchase and sale of companies. Additionally, she specialises in software, intellectual property, and construction contracts. Au\u00f0ur possesses extensive knowledge in labor law and corporate law, providing strategic advice to shareholders, boards, and company executives. Her services to individuals include financial settlements, prenuptial agreements, real estate matters, employment law, shareholder issues, and contract drafting. She is highly proficient in English, both written and spoken.<\/p>\n<p>Since 2012 Au\u00f0ur has been a partner at LOCAL Attorneys. She has broad experience in the business world, serving on the boards of various companies, from small startups to a major international software firm and a financial institution. Furthermore, she has lectured on corporate governance and board responsibilities at the University of Iceland and Akademias, and she has contributed to courses for real estate and vessel brokers at the Continuing Education University of Iceland.<\/p>\n<p>Au\u00f0ur\u2019s list of hobbies is extensive, and she has a passion for activities that require GORE-TEX attire, such as alpine skiing, cross-country skiing, salmon fishing, hunting, and golf. She has completed marathons and participated in Ironman and Landv\u00e6ttir challenges. She also enjoys theater, concerts, and spending quiet evenings playing board games with family and friends.<\/p>\n<\/div><\/div><\/div><\/div><\/div>\n","protected":false},"excerpt":{"rendered":"","protected":false},"author":6,"featured_media":0,"parent":0,"menu_order":0,"comment_status":"closed","ping_status":"closed","template":"100-width.php","meta":{"footnotes":""},"class_list":["post-4116","page","type-page","status-publish","hentry"],"_links":{"self":[{"href":"https:\/\/locallogmenn.is\/en\/wp-json\/wp\/v2\/pages\/4116"}],"collection":[{"href":"https:\/\/locallogmenn.is\/en\/wp-json\/wp\/v2\/pages"}],"about":[{"href":"https:\/\/locallogmenn.is\/en\/wp-json\/wp\/v2\/types\/page"}],"author":[{"embeddable":true,"href":"https:\/\/locallogmenn.is\/en\/wp-json\/wp\/v2\/users\/6"}],"replies":[{"embeddable":true,"href":"https:\/\/locallogmenn.is\/en\/wp-json\/wp\/v2\/comments?post=4116"}],"version-history":[{"count":11,"href":"https:\/\/locallogmenn.is\/en\/wp-json\/wp\/v2\/pages\/4116\/revisions"}],"predecessor-version":[{"id":4732,"href":"https:\/\/locallogmenn.is\/en\/wp-json\/wp\/v2\/pages\/4116\/revisions\/4732"}],"wp:attachment":[{"href":"https:\/\/locallogmenn.is\/en\/wp-json\/wp\/v2\/media?parent=4116"}],"curies":[{"name":"wp","href":"https:\/\/api.w.org\/{rel}","templated":true}]}}